{"id":5478,"date":"2018-06-27T10:06:03","date_gmt":"2018-06-27T10:06:03","guid":{"rendered":"http:\/\/central.noblerestaurantcom.wdev\/?page_id=5478"},"modified":"2018-06-29T15:28:51","modified_gmt":"2018-06-29T15:28:51","slug":"pamporis","status":"publish","type":"page","link":"https:\/\/www.noble.gr\/el\/pamporis\/","title":{"rendered":"\u00ce\u201d\u00ce\u00b7\u00ce\u00bc\u00ce\u00b7\u00cf\u201e\u00cf\u0081\u00ce\u00b7\u00cf\u201a \u00ce\u00a0\u00ce\u00b1\u00ce\u00bc\u00cf\u20ac\u00ce\u00bf\u00cf\u0081\u00ce\u00b7\u00cf\u201a"},"content":{"rendered":"<p>[vc_row css=&#8221;.vc_custom_1530201208950{padding-top: 150px !important;}&#8221;][vc_column]<div class=\"edgtf-elements-holder edgtf-two-columns edgtf-responsive-mode-768\" ><div class=\"edgtf-elements-holder-item \"  >\n\t<div class=\"edgtf-elements-holder-item-inner\">\n\t\t<div class=\"edgtf-elements-holder-item-content edgtf-elements-holder-custom-324113\" >\n\t\t\t\t\t\t[vc_single_image image=&#8221;4069&#8243; img_size=&#8221;large&#8221;]\t\t<\/div>\n\t<\/div>\n<\/div><div class=\"edgtf-elements-holder-item \"  >\n\t<div class=\"edgtf-elements-holder-item-inner\">\n\t\t<div class=\"edgtf-elements-holder-item-content edgtf-elements-holder-custom-845825\" >\n\t\t\t\t\t\t[vc_column_text]\u00ce\u0178 \u00ce\u201d\u00ce\u00b7\u00ce\u00bc\u00ce\u00ae\u00cf\u201e\u00cf\u0081\u00ce\u00b7\u00cf\u201a \u00ce\u00a0\u00ce\u00b1\u00ce\u00bc\u00cf\u20ac\u00cf\u0152\u00cf\u0081\u00ce\u00b7\u00cf\u201a \u00ce\u00b5\u00ce\u00af\u00ce\u00bd\u00ce\u00b1\u00ce\u00b9 \u00ce\u00ad\u00ce\u00bd\u00ce\u00b1\u00cf\u201a \u00ce\u00b5\u00ce\u00be\u00ce\u00b1\u00ce\u00b9\u00cf\u0081\u00ce\u00b5\u00cf\u201e\u00ce\u00b9\u00ce\u00ba\u00ce\u00ac \u00cf\u201e\u00ce\u00b1\u00ce\u00bb\u00ce\u00b1\u00ce\u00bd\u00cf\u201e\u00ce\u00bf\u00cf\u008d\u00cf\u2021\u00ce\u00bf\u00cf\u201a \u00cf\u0192\u00ce\u00b5\u00cf\u2020 \u00cf\u20ac\u00ce\u00bf\u00cf\u2026 \u00ce\u00b4\u00cf\u0081\u00ce\u00b1\u00cf\u0192\u00cf\u201e\u00ce\u00b7\u00cf\u0081\u00ce\u00b9\u00ce\u00bf\u00cf\u20ac\u00ce\u00bf\u00ce\u00b9\u00ce\u00b5\u00ce\u00af\u00cf\u201e\u00ce\u00b1\u00ce\u00b9 \u00cf\u0192\u00cf\u201e\u00ce\u00bf \u00cf\u2021\u00cf\u017d\u00cf\u0081\u00ce\u00bf \u00cf\u201e\u00ce\u00b7\u00cf\u201a \u00ce\u00b3\u00ce\u00b1\u00cf\u0192\u00cf\u201e\u00cf\u0081\u00ce\u00bf\u00ce\u00bd\u00ce\u00bf\u00ce\u00bc\u00ce\u00af\u00ce\u00b1\u00cf\u201a \u00cf\u0192\u00cf\u2021\u00ce\u00b5\u00ce\u00b4\u00cf\u0152\u00ce\u00bd 15 \u00cf\u2021\u00cf\u0081\u00cf\u0152\u00ce\u00bd\u00ce\u00b9\u00ce\u00b1. \u00ce\u201d\u00ce\u00b9\u00ce\u00b1\u00cf\u201e\u00ce\u00b7\u00cf\u0081\u00cf\u017d\u00ce\u00bd\u00cf\u201e\u00ce\u00b1\u00cf\u201a \u00cf\u201e\u00ce\u00b7 \u00ce\u00bb\u00ce\u00b5\u00cf\u20ac\u00cf\u201e\u00ce\u00ae \u00ce\u00b9\u00cf\u0192\u00ce\u00bf\u00cf\u0081\u00cf\u0081\u00ce\u00bf\u00cf\u20ac\u00ce\u00af\u00ce\u00b1 \u00ce\u00b1\u00ce\u00bd\u00ce\u00ac\u00ce\u00bc\u00ce\u00b5\u00cf\u0192\u00ce\u00b1 \u00cf\u0192\u00cf\u201e\u00ce\u00b7\u00ce\u00bd \u00cf\u20ac\u00ce\u00b1\u00cf\u0081\u00ce\u00ac\u00ce\u00b4\u00ce\u00bf\u00cf\u0192\u00ce\u00b7 \u00ce\u00ba\u00ce\u00b1\u00ce\u00b9 \u00cf\u201e\u00ce\u00bf\u00ce\u00bd \u00ce\u00bc\u00ce\u00bf\u00ce\u00bd\u00cf\u201e\u00ce\u00b5\u00cf\u0081\u00ce\u00bd\u00ce\u00b9\u00cf\u0192\u00ce\u00bc\u00cf\u0152, \u00ce\u00b1\u00ce\u00bd\u00ce\u00b5\u00ce\u00b2\u00ce\u00ac\u00ce\u00b6\u00ce\u00b5\u00ce\u00b9 \u00cf\u201e\u00ce\u00bf\u00ce\u00bd \u00cf\u20ac\u00ce\u00ae\u00cf\u2021\u00ce\u00b7 \u00cf\u201e\u00ce\u00b7\u00cf\u201a \u00ce\u00b4\u00ce\u00b7\u00ce\u00bc\u00ce\u00b9\u00ce\u00bf\u00cf\u2026\u00cf\u0081\u00ce\u00b3\u00ce\u00b9\u00ce\u00ba\u00cf\u0152\u00cf\u201e\u00ce\u00b7\u00cf\u201e\u00ce\u00b1\u00cf\u201a \u00ce\u00b1\u00cf\u20ac\u00ce\u00bf\u00ce\u00b4\u00ce\u00b5\u00ce\u00b9\u00ce\u00ba\u00ce\u00bd\u00cf\u008d\u00ce\u00bf\u00ce\u00bd\u00cf\u201e\u00ce\u00b1\u00cf\u201a \u00cf\u0152\u00cf\u201e\u00ce\u00b9 \u00ce\u00bf\u00ce\u00b9 \u00ce\u00b5\u00ce\u00bb\u00ce\u00bb\u00ce\u00b7\u00ce\u00bd\u00ce\u00b9\u00ce\u00ba\u00ce\u00ad\u00cf\u201a \u00ce\u00b3\u00ce\u00b5\u00cf\u008d\u00cf\u0192\u00ce\u00b5\u00ce\u00b9\u00cf\u201a \u00ce\u00bc\u00cf\u20ac\u00ce\u00bf\u00cf\u0081\u00ce\u00bf\u00cf\u008d\u00ce\u00bd \u00ce\u00bd\u00ce\u00b1 \u00cf\u0192\u00cf\u201e\u00ce\u00b1\u00ce\u00b8\u00ce\u00bf\u00cf\u008d\u00ce\u00bd \u00cf\u0192\u00ce\u00b5 \u00cf\u2026\u00cf\u02c6\u00ce\u00b7\u00ce\u00bb\u00ce\u00ac \u00ce\u00b3\u00ce\u00b1\u00cf\u0192\u00cf\u201e\u00cf\u0081\u00ce\u00bf\u00ce\u00bd\u00ce\u00bf\u00ce\u00bc\u00ce\u00b9\u00ce\u00ba\u00ce\u00ac \u00ce\u00b5\u00cf\u20ac\u00ce\u00af\u00cf\u20ac\u00ce\u00b5\u00ce\u00b4\u00ce\u00b1, \u00cf\u201e\u00ce\u00b1\u00ce\u00bb\u00ce\u00ad\u00ce\u00bd\u00cf\u201e\u00ce\u00bf \u00cf\u201e\u00ce\u00bf \u00ce\u00bf\u00cf\u20ac\u00ce\u00bf\u00ce\u00af\u00ce\u00bf \u00ce\u00b5\u00cf\u20ac\u00ce\u00b5\u00cf\u0192\u00ce\u00ae\u00ce\u00bc\u00ce\u00b1\u00ce\u00bd\u00ce\u00b5 \u00cf\u20ac\u00cf\u0081\u00cf\u0152\u00cf\u0192\u00cf\u2020\u00ce\u00b1\u00cf\u201e\u00ce\u00b1 \u00ce\u00ba\u00ce\u00b1\u00ce\u00b9 \u00cf\u201e\u00ce\u00bf \u00cf\u20ac\u00ce\u00b1\u00ce\u00b3\u00ce\u00ba\u00ce\u00bf\u00cf\u0192\u00ce\u00bc\u00ce\u00af\u00ce\u00bf\u00cf\u2026 \u00cf\u2020\u00ce\u00ae\u00ce\u00bc\u00ce\u00b7\u00cf\u201a \u00cf\u20ac\u00ce\u00b5\u00cf\u0081\u00ce\u00b9\u00ce\u00bf\u00ce\u00b4\u00ce\u00b9\u00ce\u00ba\u00cf\u0152 Rolling Pin. \u00ce\u00a0\u00ce\u00b1\u00cf\u0081\u00ce\u00bf\u00cf\u2026\u00cf\u0192\u00ce\u00af\u00ce\u00b1\u00cf\u0192\u00ce\u00b5 \u00ce\u00b5\u00ce\u00be\u00ce\u00b1\u00ce\u00b9\u00cf\u0081\u00ce\u00b5\u00cf\u201e\u00ce\u00b9\u00ce\u00ba\u00ce\u00ac \u00ce\u00b4\u00ce\u00b5\u00ce\u00af\u00ce\u00b3\u00ce\u00bc\u00ce\u00b1\u00cf\u201e\u00ce\u00b1 \u00ce\u00b3\u00ce\u00b1\u00cf\u0192\u00cf\u201e\u00cf\u0081\u00ce\u00bf\u00ce\u00bd\u00ce\u00bf\u00ce\u00bc\u00ce\u00b9\u00ce\u00ba\u00ce\u00ae\u00cf\u201a \u00ce\u00b3\u00cf\u0081\u00ce\u00b1\u00cf\u2020\u00ce\u00ae\u00cf\u201a \u00cf\u0192\u00cf\u201e\u00ce\u00bf \u00ce\u00b5\u00cf\u0192\u00cf\u201e\u00ce\u00b9\u00ce\u00b1\u00cf\u201e\u00cf\u0152\u00cf\u0081\u00ce\u00b9\u00ce\u00bf Apocalypsis \u00cf\u0192\u00cf\u201e\u00ce\u00b7\u00ce\u00bd \u00ce\u00a0\u00ce\u00ac\u00cf\u201e\u00ce\u00bc\u00ce\u00bf \u00ce\u00b5\u00ce\u00bd\u00cf\u017d \u00cf\u0192\u00ce\u00b7\u00ce\u00bc\u00ce\u00b5\u00cf\u0081\u00ce\u00b9\u00ce\u00bd\u00cf\u0152 \u00cf\u20ac\u00cf\u0152\u00cf\u0192\u00cf\u201e\u00ce\u00bf \u00cf\u201e\u00ce\u00bf\u00cf\u2026 \u00ce\u00b5\u00ce\u00af\u00ce\u00bd\u00ce\u00b1\u00ce\u00b9 \u00cf\u201e\u00ce\u00bf Ekies All Senses Resort \u00cf\u0192\u00cf\u201e\u00ce\u00b7 \u00ce\u00a7\u00ce\u00b1\u00ce\u00bb\u00ce\u00ba\u00ce\u00b9\u00ce\u00b4\u00ce\u00b9\u00ce\u00ba\u00ce\u00ae \u00cf\u0152\u00cf\u20ac\u00ce\u00bf\u00cf\u2026 \u00cf\u201e\u00ce\u00b5\u00ce\u00bb\u00ce\u00b5\u00ce\u00af \u00cf\u2021\u00cf\u0081\u00ce\u00ad\u00ce\u00b7 Executive Chef. \u00ce\u00a3\u00ce\u00b7\u00ce\u00bc\u00ce\u00b5\u00ce\u00af\u00ce\u00bf \u00ce\u00b1\u00ce\u00bd\u00ce\u00b1\u00cf\u2020\u00ce\u00bf\u00cf\u0081\u00ce\u00ac\u00cf\u201a \u00cf\u0192\u00cf\u201e\u00ce\u00b7 \u00ce\u00b3\u00ce\u00b1\u00cf\u0192\u00cf\u201e\u00cf\u0081\u00ce\u00bf\u00ce\u00bd\u00ce\u00bf\u00ce\u00bc\u00ce\u00b9\u00ce\u00ba\u00ce\u00ae \u00cf\u201e\u00ce\u00bf\u00cf\u2026 \u00cf\u20ac\u00ce\u00bf\u00cf\u0081\u00ce\u00b5\u00ce\u00af\u00ce\u00b1 \u00ce\u00b5\u00ce\u00af\u00ce\u00bd\u00ce\u00b1\u00ce\u00b9 \u00ce\u00b7 \u00cf\u0192\u00cf\u2026\u00ce\u00bc\u00ce\u00bc\u00ce\u00b5\u00cf\u201e\u00ce\u00bf\u00cf\u2021\u00ce\u00ae \u00cf\u201e\u00ce\u00bf\u00cf\u2026 \u00cf\u0192\u00cf\u201e\u00ce\u00bf project \u00ce\u00b4\u00ce\u00b9\u00ce\u00b5\u00ce\u00b8\u00ce\u00bd\u00ce\u00bf\u00cf\u008d\u00cf\u201a \u00ce\u00b1\u00cf\u20ac\u00ce\u00ae\u00cf\u2021\u00ce\u00b7\u00cf\u0192\u00ce\u00b7\u00cf\u201a \u00cf\u20ac\u00ce\u00bf\u00cf\u2026 \u00cf\u20ac\u00cf\u0081\u00ce\u00b1\u00ce\u00b3\u00ce\u00bc\u00ce\u00b1\u00cf\u201e\u00ce\u00bf\u00cf\u20ac\u00ce\u00bf\u00ce\u00b9\u00ce\u00ae\u00ce\u00b8\u00ce\u00b7\u00ce\u00ba\u00ce\u00b5 \u00cf\u0192\u00cf\u201e\u00ce\u00bf \u00ce\u00b5\u00cf\u0192\u00cf\u201e\u00ce\u00b9\u00ce\u00b1\u00cf\u201e\u00cf\u0152\u00cf\u0081\u00ce\u00b9\u00ce\u00bf Ikarus \u00cf\u201e\u00ce\u00bf\u00cf\u2026 \u00cf\u20ac\u00ce\u00bf\u00ce\u00bb\u00cf\u2026\u00cf\u2021\u00cf\u017d\u00cf\u0081\u00ce\u00bf\u00cf\u2026 Hangar7 \u00cf\u0192\u00cf\u201e\u00ce\u00bf \u00ce\u00b1\u00ce\u00b5\u00cf\u0081\u00ce\u00bf\u00ce\u00b4\u00cf\u0081\u00cf\u0152\u00ce\u00bc\u00ce\u00b9\u00ce\u00bf \u00cf\u201e\u00ce\u00bf\u00cf\u2026 Salzburg, \u00cf\u0152\u00cf\u20ac\u00ce\u00bf\u00cf\u2026 \u00ce\u00b4\u00ce\u00b7\u00ce\u00bc\u00ce\u00b9\u00ce\u00bf\u00cf\u008d\u00cf\u0081\u00ce\u00b3\u00ce\u00b7\u00cf\u0192\u00ce\u00b5 \u00ce\u00ad\u00ce\u00bd\u00ce\u00b1 \u00ce\u00bc\u00ce\u00b5\u00ce\u00bd\u00ce\u00bf\u00cf\u008d \u00ce\u00bc\u00ce\u00b5 \u00ce\u00b5\u00ce\u00bb\u00ce\u00bb\u00ce\u00b7\u00ce\u00bd\u00ce\u00b9\u00ce\u00ba\u00cf\u0152 \u00ce\u00b1\u00ce\u00ad\u00cf\u0081\u00ce\u00b1 \u00ce\u00b1\u00cf\u20ac\u00ce\u00bf\u00cf\u0192\u00cf\u20ac\u00cf\u017d\u00ce\u00bd\u00cf\u201e\u00ce\u00b1\u00cf\u201a \u00ce\u00b4\u00ce\u00b9\u00ce\u00b8\u00cf\u2026\u00cf\u0081\u00ce\u00b1\u00ce\u00bc\u00ce\u00b2\u00ce\u00b9\u00ce\u00ba\u00ce\u00ad\u00cf\u201a \u00ce\u00ba\u00cf\u0081\u00ce\u00b9\u00cf\u201e\u00ce\u00b9\u00ce\u00ba\u00ce\u00ad\u00cf\u201a.<\/p>\n<p>\u00ce\u0178 \u00ce\u201d\u00ce\u00b7\u00ce\u00bc\u00ce\u00ae\u00cf\u201e\u00cf\u0081\u00ce\u00b7\u00cf\u201a \u00ce\u00a0\u00ce\u00b1\u00ce\u00bc\u00cf\u20ac\u00cf\u0152\u00cf\u0081\u00ce\u00b7\u00cf\u201a \u00ce\u00b1\u00cf\u2026\u00cf\u201e\u00ce\u00bf\u00cf\u0192\u00cf\u2021\u00ce\u00b5\u00ce\u00b4\u00ce\u00b9\u00ce\u00ac\u00ce\u00b6\u00ce\u00b5\u00ce\u00b9 \u00ce\u00b4\u00ce\u00b7\u00ce\u00bc\u00ce\u00b9\u00ce\u00bf\u00cf\u2026\u00cf\u0081\u00ce\u00b3\u00ce\u00b9\u00ce\u00ba\u00ce\u00ac \u00cf\u20ac\u00ce\u00ac\u00ce\u00bd\u00cf\u2030 \u00cf\u0192\u00cf\u201e\u00ce\u00b9\u00cf\u201a \u00ce\u00b3\u00ce\u00b5\u00cf\u008d\u00cf\u0192\u00ce\u00b5\u00ce\u00b9\u00cf\u201a \u00cf\u201e\u00ce\u00b7\u00cf\u201a \u00ce\u00b5\u00ce\u00bb\u00ce\u00bb\u00ce\u00b7\u00ce\u00bd\u00ce\u00b9\u00ce\u00ba\u00ce\u00ae\u00cf\u201a \u00cf\u20ac\u00ce\u00b1\u00cf\u0081\u00ce\u00ac\u00ce\u00b4\u00ce\u00bf\u00cf\u0192\u00ce\u00b7\u00cf\u201a, \u00ce\u00ba\u00ce\u00b1\u00ce\u00b9 \u00cf\u0152\u00cf\u2021\u00ce\u00b9 \u00ce\u00bc\u00cf\u0152\u00ce\u00bd\u00ce\u00bf, \u00cf\u0192\u00cf\u2026\u00ce\u00bd\u00ce\u00b8\u00ce\u00ad\u00cf\u201e\u00ce\u00bf\u00ce\u00bd\u00cf\u201e\u00ce\u00b1\u00cf\u201a \u00ce\u00ad\u00ce\u00bd\u00ce\u00b1 \u00ce\u00bc\u00ce\u00b5\u00ce\u00bd\u00ce\u00bf\u00cf\u008d \u00ce\u00bc\u00ce\u00b5 \u00cf\u20ac\u00cf\u0081\u00ce\u00bf\u00cf\u0192\u00cf\u2030\u00cf\u20ac\u00ce\u00b9\u00ce\u00ba\u00cf\u0152\u00cf\u201e\u00ce\u00b7\u00cf\u201e\u00ce\u00b1, \u00cf\u0192\u00cf\u008d\u00ce\u00b3\u00cf\u2021\u00cf\u0081\u00ce\u00bf\u00ce\u00bd\u00ce\u00b7 \u00ce\u00b1\u00ce\u00b9\u00cf\u0192\u00ce\u00b8\u00ce\u00b7\u00cf\u201e\u00ce\u00b9\u00ce\u00ba\u00ce\u00ae \u00ce\u00ba\u00ce\u00b1\u00ce\u00b9 \u00ce\u00b2\u00ce\u00b1\u00ce\u00b8\u00ce\u00b9\u00ce\u00ac \u00ce\u00bd\u00ce\u00bf\u00cf\u0192\u00cf\u201e\u00ce\u00b9\u00ce\u00bc\u00ce\u00b9\u00ce\u00ac. \u00ce\u0161\u00ce\u00bf\u00cf\u0081\u00cf\u2026\u00cf\u2020\u00ce\u00b1\u00ce\u00af\u00ce\u00b1 \u00cf\u20ac\u00ce\u00b9\u00ce\u00ac\u00cf\u201e\u00ce\u00b1 \u00ce\u00bf \u00ce\u00b1\u00ce\u00b3\u00ce\u00b9\u00ce\u00bf\u00cf\u0081\u00ce\u00b5\u00ce\u00af\u00cf\u201e\u00ce\u00b9\u00ce\u00ba\u00ce\u00bf\u00cf\u201a \u00ce\u00bc\u00cf\u20ac\u00ce\u00b1\u00ce\u00ba\u00ce\u00b1\u00ce\u00bb\u00ce\u00b9\u00ce\u00ac\u00cf\u0081\u00ce\u00bf\u00cf\u201a \u00ce\u00bc\u00ce\u00b5 \u00ce\u00ba\u00cf\u0081\u00ce\u00b5\u00ce\u00bc\u00ce\u00bc\u00cf\u008d\u00ce\u00b4\u00ce\u00b9\u00ce\u00b1 \u00ce\u00b3\u00ce\u00b9\u00ce\u00b1\u00cf\u2021\u00ce\u00bd\u00ce\u00af, \u00ce\u00b4\u00ce\u00b1\u00ce\u00bc\u00ce\u00ac\u00cf\u0192\u00ce\u00ba\u00ce\u00b7\u00ce\u00bd\u00ce\u00b1 \u00ce\u00ba\u00ce\u00b1\u00ce\u00b9 \u00ce\u00ba\u00cf\u0081\u00ce\u00ad\u00ce\u00bc\u00ce\u00b1 \u00ce\u00b3\u00ce\u00b1\u00cf\u008d\u00cf\u0081\u00ce\u00bf\u00cf\u2026 \u00cf\u0192\u00ce\u00b5 \u00ce\u00ba\u00cf\u0081\u00ce\u00b5\u00ce\u00bc\u00ce\u00bc\u00cf\u2026\u00ce\u00b4\u00cf\u0152\u00ce\u00b6\u00ce\u00bf\u00cf\u2026\u00ce\u00bc\u00ce\u00bf, \u00ce\u00b7 \u00cf\u0192\u00ce\u00b1\u00ce\u00bb\u00ce\u00ac\u00cf\u201e\u00ce\u00b1 \u00ce\u00bc\u00ce\u00b5 \u00ce\u00ba\u00ce\u00b1\u00cf\u20ac\u00ce\u00bd\u00ce\u00b9\u00cf\u0192\u00cf\u201e\u00ce\u00ac \u00cf\u20ac\u00ce\u00b1\u00ce\u00bd\u00cf\u201e\u00ce\u00b6\u00ce\u00ac\u00cf\u0081\u00ce\u00b9\u00ce\u00b1, \u00cf\u2020\u00ce\u00bf\u00cf\u2026\u00ce\u00b1\u00ce\u00b3\u00ce\u00ba\u00cf\u0081\u00ce\u00ac \u00ce\u00ba\u00ce\u00b1\u00ce\u00b9 \u00ce\u00b3\u00ce\u00b9\u00ce\u00b1\u00ce\u00bf\u00cf\u008d\u00cf\u0081\u00cf\u201e\u00ce\u00b9 \u00ce\u00ba\u00ce\u00b1\u00ce\u00b9 \u00ce\u00bf\u00ce\u00b9 \u00cf\u20ac\u00ce\u00b1\u00cf\u0081\u00ce\u00b1\u00ce\u00bb\u00ce\u00bb\u00ce\u00b1\u00ce\u00b3\u00ce\u00ad\u00cf\u201a \u00cf\u0192\u00ce\u00b5 \u00cf\u0192\u00ce\u00bf\u00ce\u00ba\u00ce\u00bf\u00ce\u00bb\u00ce\u00ac\u00cf\u201e\u00ce\u00b1.[\/vc_column_text]\t\t<\/div>\n\t<\/div>\n<\/div><\/div>[\/vc_column][\/vc_row][vc_row][vc_column][vc_empty_space height=&#8221;80px&#8221;][\/vc_column][\/vc_row]<\/p>\n","protected":false},"excerpt":{"rendered":"<p>[vc_row css=&#8221;.vc_custom_1530201208950{padding-top: 150px !important;}&#8221;][vc_column][\/vc_column][\/vc_row][vc_row][vc_column][vc_empty_space height=&#8221;80px&#8221;][\/vc_column][\/vc_row]<\/p>\n","protected":false},"author":1,"featured_media":0,"parent":0,"menu_order":0,"comment_status":"closed","ping_status":"closed","template":"","meta":{"footnotes":""},"class_list":["post-5478","page","type-page","status-publish","hentry"],"_links":{"self":[{"href":"https:\/\/www.noble.gr\/el\/wp-json\/wp\/v2\/pages\/5478","targetHints":{"allow":["GET"]}}],"collection":[{"href":"https:\/\/www.noble.gr\/el\/wp-json\/wp\/v2\/pages"}],"about":[{"href":"https:\/\/www.noble.gr\/el\/wp-json\/wp\/v2\/types\/page"}],"author":[{"embeddable":true,"href":"https:\/\/www.noble.gr\/el\/wp-json\/wp\/v2\/users\/1"}],"replies":[{"embeddable":true,"href":"https:\/\/www.noble.gr\/el\/wp-json\/wp\/v2\/comments?post=5478"}],"version-history":[{"count":0,"href":"https:\/\/www.noble.gr\/el\/wp-json\/wp\/v2\/pages\/5478\/revisions"}],"wp:attachment":[{"href":"https:\/\/www.noble.gr\/el\/wp-json\/wp\/v2\/media?parent=5478"}],"curies":[{"name":"wp","href":"https:\/\/api.w.org\/{rel}","templated":true}]}}